{"id":3,"date":"2019-11-13T08:59:56","date_gmt":"2019-11-13T08:59:56","guid":{"rendered":"https:\/\/laretomada.tourismday.it\/?page_id=3"},"modified":"2020-03-25T16:22:05","modified_gmt":"2020-03-25T16:22:05","slug":"privacy-policy","status":"publish","type":"page","link":"https:\/\/laretomada.it\/en\/privacy-policy\/","title":{"rendered":"Privacy Policy"},"content":{"rendered":"<h2 class=\"wp-block-heading\">Privacy Policy di questa pagina<\/h2>\n\n\n\n<h2 class=\"wp-block-heading\">Soggetti interessati: Navigatori<\/h2>\n\n\n\n<p>Ai sensi del Regolamento (UE) 2016\/679 (di seguito \u201cRegolamento\u201d), questa pagina descrive le modalit\u00e0 di trattamento dei dati personali degli utenti che consultano il sito web accessibile per via telematica al seguente indirizzo:\u00a0<a href=\"https:\/\/laretomada.it\/en\/\">https:\/\/laretomada.it<\/a>\u00a0Le presenti informazioni non riguardano altri siti, pagine o servizi online raggiungibili tramite link ipertestuali eventualmente pubblicati nei siti ma riferiti a risorse esterne al dominio del Titolare. Si precisa che la politica sulla Privacy potrebbe essere modificata di tanto in tanto in funzione dell\u2019attivazione di nuovi servizi o a seguito di aggiornamenti di Legge, perci\u00f2 \u00e8 consigliabile controllare periodicamente le eventuali novit\u00e0 in materia consultando il suddetto sito. In questa pagina si descrivono le modalit\u00e0 di gestione del sito in riferimento al trattamento dei dati personali degli utenti che lo consultano. Si tratta di un\u2019informativa che \u00e8 resa anche ai sensi dell\u2019art.13 del Regolamento (UE) relativo alla protezione delle persone fisiche con riguardo al trattamento dei dati personali a coloro che interagiscono con i servizi web di\u00a0<strong>\u201cLA RETOMADA\u201d<\/strong>, accessibili per via telematica dall\u2019indirizzo\u00a0<a href=\"https:\/\/laretomada.it\/en\/\">https:\/\/laretomada.it<\/a>\u00a0trattamenti dati sono definiti nell\u2019informativa e cookie policy corrispondente alla prima pagina iniziale del sito ufficiale\u00a0<a href=\"https:\/\/laretomada.it\/en\/\">https:\/\/laretomada.it<\/a>\u00a0. L\u2019informativa \u00e8 resa solo per il sito di\u00a0<strong>\u201cLA RETOMADA\u201d<\/strong>\u00a0e non anche per altri siti web eventualmente consultati dall\u2019utente tramite link.<\/p>\n\n\n\n<h2 class=\"wp-block-heading\">Il Titolare del trattamento<\/h2>\n\n\n\n<p>A seguito della consultazione di questo sito possono essere trattati dati relativi a persone identificate o identificabili. Il \u201ctitolare\u201d del loro trattamento \u00e8\u00a0<strong>\u201cLA RETOMADA\u201d<\/strong>, con sede legale e sede operativa in\u00a0<a href=\"https:\/\/g.page\/laretomada?share\">Str. Vicinale delle Cantine, 9A, 58015 Orbetello GR<\/a>\u00a0I dati personali indicati in questa pagina sono trattati da\u00a0<strong>\u201cLA RETOMADA\u201d<\/strong>, per lo svolgimento delle proprie attivit\u00e0. Consenso, esecuzione di un contratto, adempimento di un obbligo legale nonch\u00e9 il perseguimento di un legittimo interesse sono le basi giuridiche che, a seconda dei trattamenti dati svolti sul suddetto sito internet, saranno perseguite.<\/p>\n\n\n\n<h2 class=\"wp-block-heading\">Luogo del trattamento dei dati<\/h2>\n\n\n\n<p>I trattamenti connessi ai servizi web di questo sito hanno sede in\u00a0<em><strong>Italia<\/strong><\/em>, e sono gestiti dal fornitore di servizi Spring Marketing e sono curati da personale tecnico di Spring Marketing e da altri incaricati di\u00a0<strong>\u201cLA RETOMADA\u201d<\/strong>, in occasione di operazioni di aggiornamento e manutenzione. Nessun dato derivante dal servizio web viene diffuso. I dati personali forniti volontariamente dagli utenti che inoltrano richieste di contatto sono utilizzati al solo fine di eseguire il servizio o la prestazione richiesta anche eventualmente tramite fornitori di servizio esterni.<\/p>\n\n\n\n<h2 class=\"wp-block-heading\">Tipo di dati trattati e finalit\u00e0 di trattamento<\/h2>\n\n\n\n<h2 class=\"wp-block-heading\">Dati di Navigazione<\/h2>\n\n\n\n<p>I sistemi informatici e le procedure software preposte al funzionamento di questo sito acquisiscono, nel corso del loro normale esercizio, alcuni dati personali la cui trasmissione \u00e8 implicita nell\u2019uso dei protocolli di comunicazione di Internet. In questa categoria di dati rientrano gli indirizzi IP o i nomi a dominio dei computer e dei terminali utilizzati dagli utenti, gli indirizzi in notazione URI\/URL (Uniform Resource Identifier\/Locator) delle risorse richieste, l\u2019orario della richiesta, il metodo utilizzato nel sottoporre la richiesta al server, la dimensione del file ottenuto in risposta, il codice numerico indicante lo stato della risposta data dal server (buon fine, errore, ecc.) ed altri parametri relativi al sistema operativo e all\u2019ambiente informatico dell\u2019utente. Tali dati, necessari per la fruizione dei servizi web, vengono anche trattati allo scopo di:<\/p>\n\n\n\n<ul class=\"wp-block-list\"><li>Ottenere informazioni statistiche sull\u2019uso dei servizi (pagine pi\u00f9 visitate, numero di visitatori per fascia oraria o giornaliera, aree geografiche di provenienza, ecc.);<\/li><li>Controllare il corretto funzionamento dei servizi offerti.<\/li><\/ul>\n\n\n\n<p>Dati comunicati dall\u2019utente L\u2019invio facoltativo, esplicito e volontario di messaggi agli indirizzi di contatto di\u00a0<strong>\u201cLA RETOMADA\u201d<\/strong>, nonch\u00e9 la compilazione e l\u2019inoltro dei moduli presenti sul sito\u00a0<a href=\"https:\/\/laretomada.it\/en\/\">https:\/\/laretomada.it\/<\/a>\u00a0comportano l\u2019acquisizione dei dati di contatto del mittente, necessari a rispondere, nonch\u00e9 di tutti i dati personali inclusi nelle comunicazioni. Specifiche informative verranno pubblicate nelle pagine del sito\u00a0<a href=\"https:\/\/g.page\/laretomada?share\">https:\/\/laretomada.it\/<\/a>\u00a0predisposte per l\u2019erogazione di determinati servizi. Cookie e altri sistemi di tracciamento Non viene fatto uso di cookie per la profilazione degli utenti. Viene invece fatto uso di cookie di sessione (non persistenti) in modo strettamente limitato a quanto necessario per la navigazione sicura ed efficiente dei siti. La memorizzazione dei cookie di sessione nei terminali o nei browser \u00e8 sotto il controllo dell\u2019utente, laddove sui server, al termine delle sessioni HTTPS, informazioni relative ai cookie restano registrate nei log dei servizi, con tempi di conservazione propri di ogni singolo gestore terzo del servizio. I dati eventualmente acquisiti attraverso i cookies, e le modalit\u00e0 per la loro gestione, sono descritti in modo completo nel documento \u201ccookie policy\u201d.<\/p>\n\n\n\n<h2 class=\"wp-block-heading\">Facoltativit\u00e0 del conferimento dei dati<\/h2>\n\n\n\n<p>A parte quanto specificato per i dati di navigazione, l\u2019utente \u00e8 libero di fornire i dati personali riportati nei moduli di richiesta informazioni a\u00a0<strong>\u201cLA RETOMADA\u201d<\/strong>\u00a0all\u2019occorrenza, ogni qualvolta si richiedono tali dati sar\u00e0 fornita specifica informativa e, ove necessario richiesto il consenso.<\/p>\n\n\n\n<h2 class=\"wp-block-heading\">Modalit\u00e0 di trattamento<\/h2>\n\n\n\n<p>I dati personali sono trattati con strumenti automatizzati per il tempo strettamente necessario a conseguire gli scopi per cui sono stati raccolti. Specifiche misure di sicurezza sono osservate per prevenire la perdita dei dati, usi illeciti o non corretti ed accessi non autorizzati. La informiamo che, per fornire un servizio completo, sono presenti link ad altri siti web gestiti da altri titolari. Si declina ogni responsabilit\u00e0 in caso di errori, contenuti, cookies, pubblicazioni di contenuto immorale illecito, pubblicit\u00e0, banner o files non conformi alle disposizioni normative vigenti e del rispetto della normativa Privacy da parte di siti da noi non gestiti a cui si fa riferimento.<\/p>\n\n\n\n<h2 class=\"wp-block-heading\">Destinatari dei dati<\/h2>\n\n\n\n<p>Sono destinatari dei dati raccolti a seguito della consultazione del sito sopra elencati i seguenti soggetti designati da\u00a0<strong>\u201cLA RETOMADA\u201d<\/strong>, ai sensi dell\u2019articolo 28 del Regolamento, quali responsabili del trattamento.<\/p>\n\n\n\n<ul class=\"wp-block-list\"><li>Spring Marketing quale fornitore dei servizi di sviluppo e manutenzione della piattaforma web;<\/li><li>relativamente al sito quale fornitore dei servizi di sviluppo, erogazione e gestione operativa delle piattaforme tecnologiche impiegate.<\/li><\/ul>\n\n\n\n<p>I dati personali raccolti sono altres\u00ec trattati dal personale di\u00a0<strong>\u201cLA RETOMADA\u201d<\/strong>, che agisce sulla base di specifiche istruzioni fornite in ordine a finalit\u00e0 e modalit\u00e0 del trattamento medesimo.\u00a0<strong>Trasferimento dati all\u2019estero<\/strong>\u00a0Il titolare si avvale di responsabili del trattamento ubicati in paesi Extra UE, in particolare: con garanzia di adozione di misure quali Clausole contrattuali standard, nel caso di U.S.A. adesione all\u2019accordo internazionale Privacy Shield, o con il consenso degli interessati.<\/p>\n\n\n\n<h2 class=\"wp-block-heading\">Diritti degli interessati<\/h2>\n\n\n\n<p>Lei ha diritto di ottenere dal titolare la cancellazione (eventuale diritto all\u2019oblio), la limitazione, l\u2019aggiornamento, la rettificazione, la portabilit\u00e0, l\u2019opposizione al trattamento dei dati personali che La riguardano, nonch\u00e9 in generale pu\u00f2 esercitare tutti i diritti previsti dagli artt. 15, 16, 17, 18, 19, 20, 21, 22 del GDPR, ove applicabili rispetto alle finalit\u00e0 di trattamento dei dati.<\/p>\n\n\n\n<h2 class=\"wp-block-heading\">Reg.to UE 2016\/679: Artt. 15, 16, 17, 18, 19, 20, 21, 22 \u2013<\/h2>\n\n\n\n<ol class=\"wp-block-list\"><li>L\u2019interessato ha diritto di ottenere la conferma dell\u2019esistenza o meno di dati personali che lo riguardano, anche se non ancora registrati, e la loro comunicazione in forma intelligibile.<\/li><\/ol>\n\n\n\n<ul class=\"wp-block-list\"><li>L\u2019interessato ha diritto di ottenere l\u2019indicazione: dell\u2019origine dei dati personali; delle finalit\u00e0 e modalit\u00e0 del trattamento; della logica applicata in caso di trattamento effettuato con<\/li><li>l\u2019ausilio di strumenti elettronici; degli estremi identificativi del titolare, dei responsabili e del rappresentante designato ai sensi dell\u2019articolo 5, comma 2; dei soggetti o delle categorie di soggetti ai quali i dati personali possono essere comunicati o che possono venirne a conoscenza in qualit\u00e0 di rappresentante designato nel territorio dello Stato, di responsabili o incaricati.<\/li><li>L\u2019interessato ha diritto di ottenere: l\u2019aggiornamento, la rettificazione ovvero, quando vi ha interesse, l\u2019integrazione dei dati; la cancellazione, la trasformazione in forma anonima o il blocco dei dati trattati in violazione di legge, compresi quelli di cui non \u00e8 necessaria la conservazione in relazione agli scopi per i quali i dati sono stati raccolti o successivamente trattati;<\/li><li>l\u2019attestazione che le operazioni di cui alle lettere a) e b) sono state portate a conoscenza, anche per quanto riguarda il loro contenuto, di coloro ai quali i dati sono stati comunicati o diffusi, eccettuato il caso in cui tale adempimento si rivela impossibile o comporta un impiego di mezzi manifestamente sproporzionato rispetto al diritto tutelato; la portabilit\u00e0 dei dati.<\/li><li>L\u2019interessato ha diritto di opporsi, in tutto o in parte: per motivi legittimi al trattamento dei dati personali che lo riguardano, ancorch\u00e9 pertinenti allo scopo della raccolta; al trattamento di dati personali che lo riguardano a fini di invio di materiale pubblicitario o di vendita diretta o per il compimento di ricerche di mercato o di comunicazione commerciale.<\/li><\/ul>\n\n\n\n<h2 class=\"wp-block-heading\">Diritto di reclamo<\/h2>\n\n\n\n<p>Gli interessati che ritengono che il trattamento dei dati personali a loro riferiti effettuato attraverso questo sito avvenga in violazione di quanto previsto dal Regolamento hanno il diritto di proporre reclamo al Garante, come previsto dall\u2019art. 77 del Regolamento stesso, o di adire le opportune sedi giudiziarie (art. 79 del Regolamento).\n\n<\/p>\n\n\n\n<h3 class=\"wp-block-heading\">Industry regulatory disclosure requirements<\/h3>","protected":false},"excerpt":{"rendered":"<p>Privacy Policy di questa pagina Soggetti interessati: Navigatori Ai sensi del Regolamento (UE) 2016\/679 (di seguito \u201cRegolamento\u201d), questa pagina descrive le modalit\u00e0 di trattamento dei dati personali degli utenti che consultano il sito web accessibile per via telematica al seguente &hellip; <a href=\"https:\/\/laretomada.it\/en\/privacy-policy\/\">Read More<\/a><\/p>","protected":false},"author":1,"featured_media":0,"parent":0,"menu_order":0,"comment_status":"closed","ping_status":"open","template":"","meta":{"footnotes":""},"class_list":["post-3","page","type-page","status-publish","hentry"],"yoast_head":"<!-- This site is optimized with the Yoast SEO plugin v27.3 - https:\/\/yoast.com\/product\/yoast-seo-wordpress\/ -->\n<title>Privacy Policy - La Retomada<\/title>\n<meta name=\"robots\" content=\"index, follow, max-snippet:-1, max-image-preview:large, max-video-preview:-1\" \/>\n<link rel=\"canonical\" href=\"https:\/\/laretomada.it\/en\/privacy-policy\/\" \/>\n<meta property=\"og:locale\" content=\"en_GB\" \/>\n<meta property=\"og:type\" content=\"article\" \/>\n<meta property=\"og:title\" content=\"Privacy Policy - La Retomada\" \/>\n<meta property=\"og:description\" content=\"Privacy Policy di questa pagina Soggetti interessati: Navigatori Ai sensi del Regolamento (UE) 2016\/679 (di seguito \u201cRegolamento\u201d), questa pagina descrive le modalit\u00e0 di trattamento dei dati personali degli utenti che consultano il sito web accessibile per via telematica al seguente &hellip; Read More\" \/>\n<meta property=\"og:url\" content=\"https:\/\/laretomada.it\/en\/privacy-policy\/\" \/>\n<meta property=\"og:site_name\" content=\"La Retomada\" \/>\n<meta property=\"article:modified_time\" content=\"2020-03-25T16:22:05+00:00\" \/>\n<meta name=\"twitter:card\" content=\"summary_large_image\" \/>\n<meta name=\"twitter:label1\" content=\"Estimated reading time\" \/>\n\t<meta name=\"twitter:data1\" content=\"7 minutes\" \/>\n<script type=\"application\/ld+json\" class=\"yoast-schema-graph\">{\"@context\":\"https:\\\/\\\/schema.org\",\"@graph\":[{\"@type\":\"WebPage\",\"@id\":\"https:\\\/\\\/laretomada.it\\\/privacy-policy\\\/\",\"url\":\"https:\\\/\\\/laretomada.it\\\/privacy-policy\\\/\",\"name\":\"Privacy Policy - La Retomada\",\"isPartOf\":{\"@id\":\"https:\\\/\\\/laretomada.it\\\/#website\"},\"datePublished\":\"2019-11-13T08:59:56+00:00\",\"dateModified\":\"2020-03-25T16:22:05+00:00\",\"breadcrumb\":{\"@id\":\"https:\\\/\\\/laretomada.it\\\/privacy-policy\\\/#breadcrumb\"},\"inLanguage\":\"en-GB\",\"potentialAction\":[{\"@type\":\"ReadAction\",\"target\":[\"https:\\\/\\\/laretomada.it\\\/privacy-policy\\\/\"]}]},{\"@type\":\"BreadcrumbList\",\"@id\":\"https:\\\/\\\/laretomada.it\\\/privacy-policy\\\/#breadcrumb\",\"itemListElement\":[{\"@type\":\"ListItem\",\"position\":1,\"name\":\"Home\",\"item\":\"https:\\\/\\\/laretomada.it\\\/\"},{\"@type\":\"ListItem\",\"position\":2,\"name\":\"Privacy Policy\"}]},{\"@type\":\"WebSite\",\"@id\":\"https:\\\/\\\/laretomada.it\\\/#website\",\"url\":\"https:\\\/\\\/laretomada.it\\\/\",\"name\":\"La Retomada\",\"description\":\"Agriturismo ad Orbetello\",\"potentialAction\":[{\"@type\":\"SearchAction\",\"target\":{\"@type\":\"EntryPoint\",\"urlTemplate\":\"https:\\\/\\\/laretomada.it\\\/?s={search_term_string}\"},\"query-input\":{\"@type\":\"PropertyValueSpecification\",\"valueRequired\":true,\"valueName\":\"search_term_string\"}}],\"inLanguage\":\"en-GB\"}]}<\/script>\n<!-- \/ Yoast SEO plugin. -->","yoast_head_json":{"title":"Privacy Policy - La Retomada","robots":{"index":"index","follow":"follow","max-snippet":"max-snippet:-1","max-image-preview":"max-image-preview:large","max-video-preview":"max-video-preview:-1"},"canonical":"https:\/\/laretomada.it\/en\/privacy-policy\/","og_locale":"en_GB","og_type":"article","og_title":"Privacy Policy - La Retomada","og_description":"Privacy Policy di questa pagina Soggetti interessati: Navigatori Ai sensi del Regolamento (UE) 2016\/679 (di seguito \u201cRegolamento\u201d), questa pagina descrive le modalit\u00e0 di trattamento dei dati personali degli utenti che consultano il sito web accessibile per via telematica al seguente &hellip; Read More","og_url":"https:\/\/laretomada.it\/en\/privacy-policy\/","og_site_name":"La Retomada","article_modified_time":"2020-03-25T16:22:05+00:00","twitter_card":"summary_large_image","twitter_misc":{"Estimated reading time":"7 minutes"},"schema":{"@context":"https:\/\/schema.org","@graph":[{"@type":"WebPage","@id":"https:\/\/laretomada.it\/privacy-policy\/","url":"https:\/\/laretomada.it\/privacy-policy\/","name":"Privacy Policy - La Retomada","isPartOf":{"@id":"https:\/\/laretomada.it\/#website"},"datePublished":"2019-11-13T08:59:56+00:00","dateModified":"2020-03-25T16:22:05+00:00","breadcrumb":{"@id":"https:\/\/laretomada.it\/privacy-policy\/#breadcrumb"},"inLanguage":"en-GB","potentialAction":[{"@type":"ReadAction","target":["https:\/\/laretomada.it\/privacy-policy\/"]}]},{"@type":"BreadcrumbList","@id":"https:\/\/laretomada.it\/privacy-policy\/#breadcrumb","itemListElement":[{"@type":"ListItem","position":1,"name":"Home","item":"https:\/\/laretomada.it\/"},{"@type":"ListItem","position":2,"name":"Privacy Policy"}]},{"@type":"WebSite","@id":"https:\/\/laretomada.it\/#website","url":"https:\/\/laretomada.it\/","name":"La Retomada","description":"Agriturismo ad Orbetello","potentialAction":[{"@type":"SearchAction","target":{"@type":"EntryPoint","urlTemplate":"https:\/\/laretomada.it\/?s={search_term_string}"},"query-input":{"@type":"PropertyValueSpecification","valueRequired":true,"valueName":"search_term_string"}}],"inLanguage":"en-GB"}]}},"_links":{"self":[{"href":"https:\/\/laretomada.it\/en\/wp-json\/wp\/v2\/pages\/3","targetHints":{"allow":["GET"]}}],"collection":[{"href":"https:\/\/laretomada.it\/en\/wp-json\/wp\/v2\/pages"}],"about":[{"href":"https:\/\/laretomada.it\/en\/wp-json\/wp\/v2\/types\/page"}],"author":[{"embeddable":true,"href":"https:\/\/laretomada.it\/en\/wp-json\/wp\/v2\/users\/1"}],"replies":[{"embeddable":true,"href":"https:\/\/laretomada.it\/en\/wp-json\/wp\/v2\/comments?post=3"}],"version-history":[{"count":2,"href":"https:\/\/laretomada.it\/en\/wp-json\/wp\/v2\/pages\/3\/revisions"}],"predecessor-version":[{"id":1165,"href":"https:\/\/laretomada.it\/en\/wp-json\/wp\/v2\/pages\/3\/revisions\/1165"}],"wp:attachment":[{"href":"https:\/\/laretomada.it\/en\/wp-json\/wp\/v2\/media?parent=3"}],"curies":[{"name":"wp","href":"https:\/\/api.w.org\/{rel}","templated":true}]}}